{"id":1092,"date":"2022-03-08T19:12:27","date_gmt":"2022-03-08T18:12:27","guid":{"rendered":"http:\/\/mn-homeorganizer.com\/?page_id=1092"},"modified":"2026-03-05T14:52:22","modified_gmt":"2026-03-05T13:52:22","slug":"professionnels","status":"publish","type":"page","link":"https:\/\/mn-homeorganizer.com\/index.php\/professionnels\/","title":{"rendered":"Prestations clients professionnels"},"content":{"rendered":"\n<p class=\"has-medium-font-size\">D\u00e9coration d\u2019int\u00e9rieur sur mesure pour <a href=\"#Commerces\">commerces <\/a>: transformez vos espaces en v\u00e9ritables atouts pour votre activit\u00e9.&nbsp;<\/p>\n\n\n\n<div style=\"height:20px\" aria-hidden=\"true\" class=\"wp-block-spacer\"><\/div>\n\n\n\n<h2 class=\"wp-block-heading has-text-align-center\" id=\"Commerces\">Pack commer\u00e7ant<\/h2>\n\n\n\n<div class=\"wp-block-columns is-layout-flex wp-container-core-columns-is-layout-9d6595d7 wp-block-columns-is-layout-flex\">\n<div class=\"wp-block-column is-layout-flow wp-block-column-is-layout-flow\">\n<div class=\"wp-block-cover aligncenter is-light\" style=\"min-height:200px;aspect-ratio:unset;\"><img loading=\"lazy\" decoding=\"async\" width=\"1024\" height=\"1024\" class=\"wp-block-cover__image-background wp-image-1977 size-large\" alt=\"\" src=\"https:\/\/mn-homeorganizer.com\/wp-content\/uploads\/2025\/11\/IMG_6191-1-1024x1024.jpeg\" data-object-fit=\"cover\" srcset=\"https:\/\/mn-homeorganizer.com\/wp-content\/uploads\/2025\/11\/IMG_6191-1-1024x1024.jpeg 1024w, https:\/\/mn-homeorganizer.com\/wp-content\/uploads\/2025\/11\/IMG_6191-1-300x300.jpeg 300w, https:\/\/mn-homeorganizer.com\/wp-content\/uploads\/2025\/11\/IMG_6191-1-150x150.jpeg 150w, https:\/\/mn-homeorganizer.com\/wp-content\/uploads\/2025\/11\/IMG_6191-1-768x768.jpeg 768w, https:\/\/mn-homeorganizer.com\/wp-content\/uploads\/2025\/11\/IMG_6191-1-1536x1536.jpeg 1536w, https:\/\/mn-homeorganizer.com\/wp-content\/uploads\/2025\/11\/IMG_6191-1.jpeg 1902w\" sizes=\"auto, (max-width: 1024px) 100vw, 1024px\" \/><span aria-hidden=\"true\" class=\"wp-block-cover__background has-background-dim\" style=\"background-color:#ad9481\"><\/span><div class=\"wp-block-cover__inner-container is-layout-flow wp-block-cover-is-layout-flow\">\n<p class=\"has-text-align-center has-white-color has-text-color has-link-color has-large-font-size wp-elements-fddb54535c28b4fd00df4cfbfb193a1a\"><strong>Pack Vitrine Express<\/strong><\/p>\n<\/div><\/div>\n\n\n\n<div style=\"height:30px\" aria-hidden=\"true\" class=\"wp-block-spacer\"><\/div>\n\n\n\n<h3 class=\"wp-block-heading\"><strong>Pour capter l\u2019attention en rue et d\u00e9clencher l\u2019entr\u00e9e<\/strong><\/h3>\n\n\n\n<ul class=\"wp-block-list\">\n<li>Refonte visuelle de la vitrine selon saison, tendances ou \u00e9v\u00e9nements<\/li>\n\n\n\n<li>Proposition de 2 ambiances au choix<\/li>\n\n\n\n<li>Liste shopping (accompagnement achats en option)<\/li>\n\n\n\n<li>Mise en sc\u00e8ne de l\u2019espace<\/li>\n<\/ul>\n\n\n\n<h2 class=\"wp-block-heading has-text-align-center has-background\" style=\"background-color:#ebdfc8\">D\u00e8s 290 \u20ac<\/h2>\n<\/div>\n\n\n\n<div class=\"wp-block-column is-layout-flow wp-block-column-is-layout-flow\">\n<div class=\"wp-block-cover aligncenter\" style=\"min-height:200px;aspect-ratio:unset;\"><img loading=\"lazy\" decoding=\"async\" width=\"2560\" height=\"2560\" class=\"wp-block-cover__image-background wp-image-1975 size-full\" alt=\"\" src=\"https:\/\/mn-homeorganizer.com\/wp-content\/uploads\/2025\/11\/IMG_5602-scaled.jpeg\" data-object-fit=\"cover\" srcset=\"https:\/\/mn-homeorganizer.com\/wp-content\/uploads\/2025\/11\/IMG_5602-scaled.jpeg 2560w, https:\/\/mn-homeorganizer.com\/wp-content\/uploads\/2025\/11\/IMG_5602-300x300.jpeg 300w, https:\/\/mn-homeorganizer.com\/wp-content\/uploads\/2025\/11\/IMG_5602-1024x1024.jpeg 1024w, https:\/\/mn-homeorganizer.com\/wp-content\/uploads\/2025\/11\/IMG_5602-150x150.jpeg 150w, https:\/\/mn-homeorganizer.com\/wp-content\/uploads\/2025\/11\/IMG_5602-768x768.jpeg 768w, https:\/\/mn-homeorganizer.com\/wp-content\/uploads\/2025\/11\/IMG_5602-1536x1536.jpeg 1536w, https:\/\/mn-homeorganizer.com\/wp-content\/uploads\/2025\/11\/IMG_5602-2048x2048.jpeg 2048w\" sizes=\"auto, (max-width: 2560px) 100vw, 2560px\" \/><span aria-hidden=\"true\" class=\"wp-block-cover__background has-background-dim\" style=\"background-color:#88725f\"><\/span><div class=\"wp-block-cover__inner-container is-layout-flow wp-block-cover-is-layout-flow\">\n<p class=\"has-text-align-center has-large-font-size\"><strong>Pack Relooking L\u00e9ger<\/strong><\/p>\n<\/div><\/div>\n\n\n\n<div style=\"height:30px\" aria-hidden=\"true\" class=\"wp-block-spacer\"><\/div>\n\n\n\n<h3 class=\"wp-block-heading\"><strong>Pour rafra\u00eechir l\u2019ambiance sans gros travaux<\/strong><\/h3>\n\n\n\n<ul class=\"wp-block-list\">\n<li>Audit de l\u2019ambiance actuelle<\/li>\n\n\n\n<li>Moodboard d\u00e9co &amp; zoning fonctionnel<\/li>\n\n\n\n<li>Recommandations couleurs, mat\u00e9riaux, luminaires, mobilier<\/li>\n\n\n\n<li>Optimisation du parcours client<\/li>\n\n\n\n<li>Liste d\u2019achats + fournisseurs<\/li>\n\n\n\n<li>Mise en place d\u00e9co<\/li>\n<\/ul>\n\n\n\n<h2 class=\"wp-block-heading has-text-align-center has-background\" style=\"background-color:#ebdfc8\">D\u00e8s 890 \u20ac<\/h2>\n<\/div>\n\n\n\n<div class=\"wp-block-column is-layout-flow wp-block-column-is-layout-flow\">\n<div class=\"wp-block-cover aligncenter is-light\" style=\"min-height:200px;aspect-ratio:unset;\"><img loading=\"lazy\" decoding=\"async\" width=\"768\" height=\"1024\" class=\"wp-block-cover__image-background wp-image-1790 size-large\" alt=\"\" src=\"https:\/\/mn-homeorganizer.com\/wp-content\/uploads\/2025\/01\/IMG_3319-768x1024.jpeg\" data-object-fit=\"cover\" srcset=\"https:\/\/mn-homeorganizer.com\/wp-content\/uploads\/2025\/01\/IMG_3319-768x1024.jpeg 768w, https:\/\/mn-homeorganizer.com\/wp-content\/uploads\/2025\/01\/IMG_3319-225x300.jpeg 225w, https:\/\/mn-homeorganizer.com\/wp-content\/uploads\/2025\/01\/IMG_3319-scaled.jpeg 1920w\" sizes=\"auto, (max-width: 768px) 100vw, 768px\" \/><span aria-hidden=\"true\" class=\"wp-block-cover__background has-background-dim\" style=\"background-color:#968476\"><\/span><div class=\"wp-block-cover__inner-container is-layout-flow wp-block-cover-is-layout-flow\">\n<p class=\"has-text-align-center has-white-color has-text-color has-link-color has-large-font-size wp-elements-5b235288fc5e27e05e13c066e2df0e0a\"><strong>Pack Am\u00e9nagement Complet<\/strong><\/p>\n<\/div><\/div>\n\n\n\n<div style=\"height:30px\" aria-hidden=\"true\" class=\"wp-block-spacer\"><\/div>\n\n\n\n<h3 class=\"wp-block-heading\"><strong>Pour une transformation en profondeur de l\u2019exp\u00e9rience client<\/strong><\/h3>\n\n\n\n<ul class=\"wp-block-list\">\n<li>Concept d\u00e9co complet avec identit\u00e9 personnalis\u00e9e<\/li>\n\n\n\n<li>\u00c9tude du parcours client et zoning<\/li>\n\n\n\n<li>S\u00e9lection mat\u00e9riaux, mobilier, luminaires, signal\u00e9tique<\/li>\n\n\n\n<li>Suivi jusqu\u2019\u00e0 la mise en sc\u00e8ne finale<\/li>\n<\/ul>\n\n\n\n<h2 class=\"wp-block-heading has-text-align-center has-background\" style=\"background-color:#ebdfc8\">Sur devis<\/h2>\n<\/div>\n<\/div>\n\n\n\n<div style=\"height:50px\" aria-hidden=\"true\" class=\"wp-block-spacer\"><\/div>\n\n\n\n<div class=\"wp-block-buttons is-content-justification-center is-layout-flex wp-container-core-buttons-is-layout-16018d1d wp-block-buttons-is-layout-flex\">\n<div class=\"wp-block-button\"><a class=\"wp-block-button__link has-text-align-center wp-element-button\" href=\"https:\/\/mn-homeorganizer.com\/index.php\/decoratrice-dinterieur-a-nice\/\">Prendre rendez-vous<\/a><\/div>\n<\/div>\n","protected":false},"excerpt":{"rendered":"<p>D\u00e9coration d\u2019int\u00e9rieur sur mesure pour commerces : transformez vos espaces en v\u00e9ritables atouts pour votre activit\u00e9.&nbsp; Pack commer\u00e7ant Pour capter l\u2019attention en rue et d\u00e9clencher l\u2019entr\u00e9e D\u00e8s 290 \u20ac Pour rafra\u00eechir l\u2019ambiance sans gros travaux D\u00e8s 890 \u20ac Pour une transformation en profondeur de l\u2019exp\u00e9rience client Sur devis<\/p>\n","protected":false},"author":1,"featured_media":0,"parent":0,"menu_order":0,"comment_status":"closed","ping_status":"closed","template":"","meta":{"footnotes":""},"class_list":["post-1092","page","type-page","status-publish","hentry"],"mb":[],"yoast_head":"<!-- This site is optimized with the Yoast SEO plugin v27.4 - https:\/\/yoast.com\/product\/yoast-seo-wordpress\/ -->\n<title>Prestations clients professionnels - Marylaure N.<\/title>\n<meta name=\"robots\" content=\"index, follow, max-snippet:-1, max-image-preview:large, max-video-preview:-1\" \/>\n<link rel=\"canonical\" href=\"https:\/\/mn-homeorganizer.com\/index.php\/professionnels\/\" \/>\n<meta property=\"og:locale\" content=\"fr_FR\" \/>\n<meta property=\"og:type\" content=\"article\" \/>\n<meta property=\"og:title\" content=\"Prestations clients professionnels - Marylaure N.\" \/>\n<meta property=\"og:description\" content=\"D\u00e9coration d\u2019int\u00e9rieur sur mesure pour commerces : transformez vos espaces en v\u00e9ritables atouts pour votre activit\u00e9.&nbsp; Pack commer\u00e7ant Pour capter l\u2019attention en rue et d\u00e9clencher l\u2019entr\u00e9e D\u00e8s 290 \u20ac Pour rafra\u00eechir l\u2019ambiance sans gros travaux D\u00e8s 890 \u20ac Pour une transformation en profondeur de l\u2019exp\u00e9rience client Sur devis\" \/>\n<meta property=\"og:url\" content=\"https:\/\/mn-homeorganizer.com\/index.php\/professionnels\/\" \/>\n<meta property=\"og:site_name\" content=\"Marylaure N.\" \/>\n<meta property=\"article:publisher\" content=\"https:\/\/www.facebook.com\/?ref=tn_tnmn\" \/>\n<meta property=\"article:modified_time\" content=\"2026-03-05T13:52:22+00:00\" \/>\n<meta property=\"og:image\" content=\"https:\/\/mn-homeorganizer.com\/wp-content\/uploads\/2025\/11\/IMG_6191-1.jpeg\" \/>\n\t<meta property=\"og:image:width\" content=\"1902\" \/>\n\t<meta property=\"og:image:height\" content=\"1902\" \/>\n\t<meta property=\"og:image:type\" content=\"image\/jpeg\" \/>\n<meta name=\"twitter:card\" content=\"summary_large_image\" \/>\n<meta name=\"twitter:label1\" content=\"Dur\u00e9e de lecture estim\u00e9e\" \/>\n\t<meta name=\"twitter:data1\" content=\"2 minutes\" \/>\n<script type=\"application\/ld+json\" class=\"yoast-schema-graph\">{\"@context\":\"https:\\\/\\\/schema.org\",\"@graph\":[{\"@type\":\"WebPage\",\"@id\":\"https:\\\/\\\/mn-homeorganizer.com\\\/index.php\\\/professionnels\\\/\",\"url\":\"https:\\\/\\\/mn-homeorganizer.com\\\/index.php\\\/professionnels\\\/\",\"name\":\"Prestations clients professionnels - Marylaure N.\",\"isPartOf\":{\"@id\":\"https:\\\/\\\/mn-homeorganizer.com\\\/#website\"},\"primaryImageOfPage\":{\"@id\":\"https:\\\/\\\/mn-homeorganizer.com\\\/index.php\\\/professionnels\\\/#primaryimage\"},\"image\":{\"@id\":\"https:\\\/\\\/mn-homeorganizer.com\\\/index.php\\\/professionnels\\\/#primaryimage\"},\"thumbnailUrl\":\"https:\\\/\\\/mn-homeorganizer.com\\\/wp-content\\\/uploads\\\/2025\\\/11\\\/IMG_6191-1-1024x1024.jpeg\",\"datePublished\":\"2022-03-08T18:12:27+00:00\",\"dateModified\":\"2026-03-05T13:52:22+00:00\",\"breadcrumb\":{\"@id\":\"https:\\\/\\\/mn-homeorganizer.com\\\/index.php\\\/professionnels\\\/#breadcrumb\"},\"inLanguage\":\"fr-FR\",\"potentialAction\":[{\"@type\":\"ReadAction\",\"target\":[\"https:\\\/\\\/mn-homeorganizer.com\\\/index.php\\\/professionnels\\\/\"]}]},{\"@type\":\"ImageObject\",\"inLanguage\":\"fr-FR\",\"@id\":\"https:\\\/\\\/mn-homeorganizer.com\\\/index.php\\\/professionnels\\\/#primaryimage\",\"url\":\"https:\\\/\\\/mn-homeorganizer.com\\\/wp-content\\\/uploads\\\/2025\\\/11\\\/IMG_6191-1.jpeg\",\"contentUrl\":\"https:\\\/\\\/mn-homeorganizer.com\\\/wp-content\\\/uploads\\\/2025\\\/11\\\/IMG_6191-1.jpeg\",\"width\":1902,\"height\":1902},{\"@type\":\"BreadcrumbList\",\"@id\":\"https:\\\/\\\/mn-homeorganizer.com\\\/index.php\\\/professionnels\\\/#breadcrumb\",\"itemListElement\":[{\"@type\":\"ListItem\",\"position\":1,\"name\":\"Accueil\",\"item\":\"https:\\\/\\\/mn-homeorganizer.com\\\/\"},{\"@type\":\"ListItem\",\"position\":2,\"name\":\"Prestations clients professionnels\"}]},{\"@type\":\"WebSite\",\"@id\":\"https:\\\/\\\/mn-homeorganizer.com\\\/#website\",\"url\":\"https:\\\/\\\/mn-homeorganizer.com\\\/\",\"name\":\"Marylaure N.\",\"description\":\"D\u00e9coratrice d&#039;int\u00e9rieur \",\"publisher\":{\"@id\":\"https:\\\/\\\/mn-homeorganizer.com\\\/#organization\"},\"potentialAction\":[{\"@type\":\"SearchAction\",\"target\":{\"@type\":\"EntryPoint\",\"urlTemplate\":\"https:\\\/\\\/mn-homeorganizer.com\\\/?s={search_term_string}\"},\"query-input\":{\"@type\":\"PropertyValueSpecification\",\"valueRequired\":true,\"valueName\":\"search_term_string\"}}],\"inLanguage\":\"fr-FR\"},{\"@type\":\"Organization\",\"@id\":\"https:\\\/\\\/mn-homeorganizer.com\\\/#organization\",\"name\":\"Marylaure N.\",\"url\":\"https:\\\/\\\/mn-homeorganizer.com\\\/\",\"logo\":{\"@type\":\"ImageObject\",\"inLanguage\":\"fr-FR\",\"@id\":\"https:\\\/\\\/mn-homeorganizer.com\\\/#\\\/schema\\\/logo\\\/image\\\/\",\"url\":\"https:\\\/\\\/mn-homeorganizer.com\\\/wp-content\\\/uploads\\\/2024\\\/11\\\/cropped-Marylaure-N.png\",\"contentUrl\":\"https:\\\/\\\/mn-homeorganizer.com\\\/wp-content\\\/uploads\\\/2024\\\/11\\\/cropped-Marylaure-N.png\",\"width\":512,\"height\":512,\"caption\":\"Marylaure N.\"},\"image\":{\"@id\":\"https:\\\/\\\/mn-homeorganizer.com\\\/#\\\/schema\\\/logo\\\/image\\\/\"},\"sameAs\":[\"https:\\\/\\\/www.facebook.com\\\/?ref=tn_tnmn\",\"https:\\\/\\\/www.instagram.com\\\/mn_homeorganizer\\\/\"]}]}<\/script>\n<!-- \/ Yoast SEO plugin. -->","yoast_head_json":{"title":"Prestations clients professionnels - Marylaure N.","robots":{"index":"index","follow":"follow","max-snippet":"max-snippet:-1","max-image-preview":"max-image-preview:large","max-video-preview":"max-video-preview:-1"},"canonical":"https:\/\/mn-homeorganizer.com\/index.php\/professionnels\/","og_locale":"fr_FR","og_type":"article","og_title":"Prestations clients professionnels - Marylaure N.","og_description":"D\u00e9coration d\u2019int\u00e9rieur sur mesure pour commerces : transformez vos espaces en v\u00e9ritables atouts pour votre activit\u00e9.&nbsp; Pack commer\u00e7ant Pour capter l\u2019attention en rue et d\u00e9clencher l\u2019entr\u00e9e D\u00e8s 290 \u20ac Pour rafra\u00eechir l\u2019ambiance sans gros travaux D\u00e8s 890 \u20ac Pour une transformation en profondeur de l\u2019exp\u00e9rience client Sur devis","og_url":"https:\/\/mn-homeorganizer.com\/index.php\/professionnels\/","og_site_name":"Marylaure N.","article_publisher":"https:\/\/www.facebook.com\/?ref=tn_tnmn","article_modified_time":"2026-03-05T13:52:22+00:00","og_image":[{"width":1902,"height":1902,"url":"https:\/\/mn-homeorganizer.com\/wp-content\/uploads\/2025\/11\/IMG_6191-1.jpeg","type":"image\/jpeg"}],"twitter_card":"summary_large_image","twitter_misc":{"Dur\u00e9e de lecture estim\u00e9e":"2 minutes"},"schema":{"@context":"https:\/\/schema.org","@graph":[{"@type":"WebPage","@id":"https:\/\/mn-homeorganizer.com\/index.php\/professionnels\/","url":"https:\/\/mn-homeorganizer.com\/index.php\/professionnels\/","name":"Prestations clients professionnels - Marylaure N.","isPartOf":{"@id":"https:\/\/mn-homeorganizer.com\/#website"},"primaryImageOfPage":{"@id":"https:\/\/mn-homeorganizer.com\/index.php\/professionnels\/#primaryimage"},"image":{"@id":"https:\/\/mn-homeorganizer.com\/index.php\/professionnels\/#primaryimage"},"thumbnailUrl":"https:\/\/mn-homeorganizer.com\/wp-content\/uploads\/2025\/11\/IMG_6191-1-1024x1024.jpeg","datePublished":"2022-03-08T18:12:27+00:00","dateModified":"2026-03-05T13:52:22+00:00","breadcrumb":{"@id":"https:\/\/mn-homeorganizer.com\/index.php\/professionnels\/#breadcrumb"},"inLanguage":"fr-FR","potentialAction":[{"@type":"ReadAction","target":["https:\/\/mn-homeorganizer.com\/index.php\/professionnels\/"]}]},{"@type":"ImageObject","inLanguage":"fr-FR","@id":"https:\/\/mn-homeorganizer.com\/index.php\/professionnels\/#primaryimage","url":"https:\/\/mn-homeorganizer.com\/wp-content\/uploads\/2025\/11\/IMG_6191-1.jpeg","contentUrl":"https:\/\/mn-homeorganizer.com\/wp-content\/uploads\/2025\/11\/IMG_6191-1.jpeg","width":1902,"height":1902},{"@type":"BreadcrumbList","@id":"https:\/\/mn-homeorganizer.com\/index.php\/professionnels\/#breadcrumb","itemListElement":[{"@type":"ListItem","position":1,"name":"Accueil","item":"https:\/\/mn-homeorganizer.com\/"},{"@type":"ListItem","position":2,"name":"Prestations clients professionnels"}]},{"@type":"WebSite","@id":"https:\/\/mn-homeorganizer.com\/#website","url":"https:\/\/mn-homeorganizer.com\/","name":"Marylaure N.","description":"D\u00e9coratrice d&#039;int\u00e9rieur ","publisher":{"@id":"https:\/\/mn-homeorganizer.com\/#organization"},"potentialAction":[{"@type":"SearchAction","target":{"@type":"EntryPoint","urlTemplate":"https:\/\/mn-homeorganizer.com\/?s={search_term_string}"},"query-input":{"@type":"PropertyValueSpecification","valueRequired":true,"valueName":"search_term_string"}}],"inLanguage":"fr-FR"},{"@type":"Organization","@id":"https:\/\/mn-homeorganizer.com\/#organization","name":"Marylaure N.","url":"https:\/\/mn-homeorganizer.com\/","logo":{"@type":"ImageObject","inLanguage":"fr-FR","@id":"https:\/\/mn-homeorganizer.com\/#\/schema\/logo\/image\/","url":"https:\/\/mn-homeorganizer.com\/wp-content\/uploads\/2024\/11\/cropped-Marylaure-N.png","contentUrl":"https:\/\/mn-homeorganizer.com\/wp-content\/uploads\/2024\/11\/cropped-Marylaure-N.png","width":512,"height":512,"caption":"Marylaure N."},"image":{"@id":"https:\/\/mn-homeorganizer.com\/#\/schema\/logo\/image\/"},"sameAs":["https:\/\/www.facebook.com\/?ref=tn_tnmn","https:\/\/www.instagram.com\/mn_homeorganizer\/"]}]}},"mfb_rest_fields":["title","yoast_head","yoast_head_json"],"_links":{"self":[{"href":"https:\/\/mn-homeorganizer.com\/index.php\/wp-json\/wp\/v2\/pages\/1092","targetHints":{"allow":["GET"]}}],"collection":[{"href":"https:\/\/mn-homeorganizer.com\/index.php\/wp-json\/wp\/v2\/pages"}],"about":[{"href":"https:\/\/mn-homeorganizer.com\/index.php\/wp-json\/wp\/v2\/types\/page"}],"author":[{"embeddable":true,"href":"https:\/\/mn-homeorganizer.com\/index.php\/wp-json\/wp\/v2\/users\/1"}],"replies":[{"embeddable":true,"href":"https:\/\/mn-homeorganizer.com\/index.php\/wp-json\/wp\/v2\/comments?post=1092"}],"version-history":[{"count":61,"href":"https:\/\/mn-homeorganizer.com\/index.php\/wp-json\/wp\/v2\/pages\/1092\/revisions"}],"predecessor-version":[{"id":2062,"href":"https:\/\/mn-homeorganizer.com\/index.php\/wp-json\/wp\/v2\/pages\/1092\/revisions\/2062"}],"wp:attachment":[{"href":"https:\/\/mn-homeorganizer.com\/index.php\/wp-json\/wp\/v2\/media?parent=1092"}],"curies":[{"name":"wp","href":"https:\/\/api.w.org\/{rel}","templated":true}]}}