{"id":14,"date":"2022-01-17T18:00:55","date_gmt":"2022-01-17T17:00:55","guid":{"rendered":"http:\/\/mn-homeorganizer.com\/?page_id=14"},"modified":"2026-01-08T16:38:20","modified_gmt":"2026-01-08T15:38:20","slug":"decoratrice-dinterieur-a-nice","status":"publish","type":"page","link":"https:\/\/mn-homeorganizer.com\/index.php\/decoratrice-dinterieur-a-nice\/","title":{"rendered":"D\u00e9coratrice d&rsquo;int\u00e9rieur \u00e0 Nice"},"content":{"rendered":"\n<div class=\"wp-block-group\"><div class=\"wp-block-group__inner-container is-layout-flow wp-block-group-is-layout-flow\">\n<div class=\"wp-block-columns is-layout-flex wp-container-core-columns-is-layout-9d6595d7 wp-block-columns-is-layout-flex\">\n<div class=\"wp-block-column is-layout-flow wp-block-column-is-layout-flow\">\n<p><\/p>\n<\/div>\n<\/div>\n<\/div><\/div>\n\n\n\n<div class=\"wp-block-media-text alignwide is-stacked-on-mobile is-image-fill-element\" style=\"grid-template-columns:46% auto\"><figure class=\"wp-block-media-text__media\"><img loading=\"lazy\" decoding=\"async\" width=\"747\" height=\"1024\" src=\"https:\/\/mn-homeorganizer.com\/wp-content\/uploads\/2026\/01\/Gemini_Generated_Image_enqr6lenqr6lenqr-747x1024.png\" alt=\"\" class=\"wp-image-2055 size-full\" style=\"object-position:50% 50%\" srcset=\"https:\/\/mn-homeorganizer.com\/wp-content\/uploads\/2026\/01\/Gemini_Generated_Image_enqr6lenqr6lenqr-747x1024.png 747w, https:\/\/mn-homeorganizer.com\/wp-content\/uploads\/2026\/01\/Gemini_Generated_Image_enqr6lenqr6lenqr-219x300.png 219w, https:\/\/mn-homeorganizer.com\/wp-content\/uploads\/2026\/01\/Gemini_Generated_Image_enqr6lenqr6lenqr-768x1052.png 768w, https:\/\/mn-homeorganizer.com\/wp-content\/uploads\/2026\/01\/Gemini_Generated_Image_enqr6lenqr6lenqr.png 864w\" sizes=\"auto, (max-width: 747px) 100vw, 747px\" \/><\/figure><div class=\"wp-block-media-text__content\">\n<p>Vous \u00eates un particulier et vous avez un projet de&nbsp;r\u00e9novation&nbsp;ou d&rsquo;am\u00e9nagement&nbsp;? Je suis \u00e0 votre \u00e9coute car chaque projet commence par une rencontre pour comprendre vos go\u00fbts, vos besoins et votre mode de vie. En tant que&nbsp;d\u00e9coratrice d&rsquo;int\u00e9rieur \u00e0 Nice, je mets mon expertise \u00e0 votre service pour repenser vos volumes, harmoniser les couleurs et cr\u00e9er un lieu qui vous ressemble vraiment.<\/p>\n\n\n\n<p><strong>Sp\u00e9cial Investisseurs &amp; Location Saisonni\u00e8re :<\/strong>&nbsp;Pour booster la rentabilit\u00e9 de votre bien (Airbnb, g\u00eete, locatif meubl\u00e9), je vous accompagne pour cr\u00e9er l&rsquo;effet \u00ab\u00a0coup de c\u0153ur\u00a0\u00bb indispensable pour vous d\u00e9marquer sur les plateformes. Nous concevrons ensemble une d\u00e9coration photog\u00e9nique, durable et pens\u00e9e pour maximiser votre&nbsp;<strong>taux d&rsquo;occupation<\/strong>.<\/p>\n\n\n\n<p>Je me d\u00e9place principalement sur Nice, Monaco et sur le littoral des Alpes-Maritimes, ainsi qu&rsquo;\u00e0 distance en visio.<\/p>\n\n\n\n<p><strong>Horaires :<\/strong>&nbsp;Du lundi au vendredi, de 9h \u00e0 18h. <\/p>\n<\/div><\/div>\n\n\n\n<p>Remplissez le formulaire ci-dessous ou contactez-moi directement pour r\u00e9server votre&nbsp;<strong>rendez-vous conseil<\/strong>&nbsp;ou demander un devis pour une r\u00e9novation.<\/p>\n\n\n\n<h3 class=\"wp-block-heading\"><strong>Marylaure Nifle<\/strong><\/h3>\n\n\n\n<h3 class=\"wp-block-heading\">Tel : <a href=\"tel:0603834984\">06 03 83 49 84<\/a><\/h3>\n\n\n\n<h3 class=\"wp-block-heading\">Mail : <a href=\"mailto:marylaure.deco@gmail.com\">marylaure.deco@gmail.com<\/a><\/h3>\n\n\n\n<div style=\"height:30px\" aria-hidden=\"true\" class=\"wp-block-spacer\"><\/div>\n\n\n\n<h2 class=\"wp-block-heading\">Formulaire de contact<\/h2>\n\n\n<style id=\"wpforms-css-vars-2030-block-1eb4afe1-f419-4c82-818b-7a538415cce8\">\n\t\t\t\t#wpforms-2030.wpforms-block-1eb4afe1-f419-4c82-818b-7a538415cce8 {\n\t\t\t\t--wpforms-field-size-input-height: 43px;\n--wpforms-field-size-input-spacing: 15px;\n--wpforms-field-size-font-size: 16px;\n--wpforms-field-size-line-height: 19px;\n--wpforms-field-size-padding-h: 14px;\n--wpforms-field-size-checkbox-size: 16px;\n--wpforms-field-size-sublabel-spacing: 5px;\n--wpforms-field-size-icon-size: 1;\n--wpforms-label-size-font-size: 16px;\n--wpforms-label-size-line-height: 19px;\n--wpforms-label-size-sublabel-font-size: 14px;\n--wpforms-label-size-sublabel-line-height: 17px;\n--wpforms-button-size-font-size: 17px;\n--wpforms-button-size-height: 41px;\n--wpforms-button-size-padding-h: 15px;\n--wpforms-button-size-margin-top: 10px;\n\t\t\t}\n\t\t\t<\/style><div class=\"wpforms-container wpforms-container-full wpforms-block wpforms-block-1eb4afe1-f419-4c82-818b-7a538415cce8 wpforms-render-modern\" id=\"wpforms-2030\"><form id=\"wpforms-form-2030\" class=\"wpforms-validate wpforms-form wpforms-ajax-form\" data-formid=\"2030\" method=\"post\" enctype=\"multipart\/form-data\" action=\"\/index.php\/wp-json\/wp\/v2\/pages\/14\" data-token=\"fb69df9b45abb5da8cec1d6d1bb9a573\" data-token-time=\"1776251921\"><noscript class=\"wpforms-error-noscript\">Veuillez activer JavaScript dans votre navigateur pour remplir ce formulaire.<\/noscript><div id=\"wpforms-error-noscript\" style=\"display: none;\">Veuillez activer JavaScript dans votre navigateur pour remplir ce formulaire.<\/div><div class=\"wpforms-field-container\">\t\t<div id=\"wpforms-2030-field_5-container\"\n\t\t\tclass=\"wpforms-field wpforms-field-text\"\n\t\t\tdata-field-type=\"text\"\n\t\t\tdata-field-id=\"5\"\n\t\t\t>\n\t\t\t<label class=\"wpforms-field-label\" for=\"wpforms-2030-field_5\" >votre Parlez-moi Type<\/label>\n\t\t\t<input type=\"text\" id=\"wpforms-2030-field_5\" class=\"wpforms-field-medium\" name=\"wpforms[fields][5]\" >\n\t\t<\/div>\n\t\t<div id=\"wpforms-2030-field_1-container\" class=\"wpforms-field wpforms-field-name\" data-field-id=\"1\"><fieldset><legend class=\"wpforms-field-label\">Nom <span class=\"wpforms-required-label\" aria-hidden=\"true\">*<\/span><\/legend><div class=\"wpforms-field-row wpforms-field-medium\"><div class=\"wpforms-field-row-block wpforms-first wpforms-one-half\"><input type=\"text\" id=\"wpforms-2030-field_1\" class=\"wpforms-field-name-first wpforms-field-required\" name=\"wpforms[fields][1][first]\" aria-errormessage=\"wpforms-2030-field_1-error\" required><label for=\"wpforms-2030-field_1\" class=\"wpforms-field-sublabel after\">Pr\u00e9nom<\/label><\/div><div class=\"wpforms-field-row-block wpforms-one-half\"><input type=\"text\" id=\"wpforms-2030-field_1-last\" class=\"wpforms-field-name-last wpforms-field-required\" name=\"wpforms[fields][1][last]\" aria-errormessage=\"wpforms-2030-field_1-last-error\" required><label for=\"wpforms-2030-field_1-last\" class=\"wpforms-field-sublabel after\">Nom<\/label><\/div><\/div><\/fieldset><\/div><div id=\"wpforms-2030-field_2-container\" class=\"wpforms-field wpforms-field-email\" data-field-id=\"2\"><label class=\"wpforms-field-label\" for=\"wpforms-2030-field_2\">E-mail <span class=\"wpforms-required-label\" aria-hidden=\"true\">*<\/span><\/label><input type=\"email\" id=\"wpforms-2030-field_2\" class=\"wpforms-field-medium wpforms-field-required\" name=\"wpforms[fields][2]\" spellcheck=\"false\" aria-errormessage=\"wpforms-2030-field_2-error\" required><\/div><div id=\"wpforms-2030-field_4-container\" class=\"wpforms-field wpforms-field-select wpforms-field-select-style-classic\" data-field-id=\"4\"><label class=\"wpforms-field-label\" for=\"wpforms-2030-field_4\">Type de projet <span class=\"wpforms-required-label\" aria-hidden=\"true\">*<\/span><\/label><select id=\"wpforms-2030-field_4\" class=\"wpforms-field-medium wpforms-field-required\" name=\"wpforms[fields][4]\" required=\"required\"><option value=\"\" class=\"placeholder\" disabled  selected='selected'>&#8212; S\u00e9lectionner un choix &#8212;<\/option><option value=\"R\u00e9novation\"  class=\"choice-1 depth-1\"  >R\u00e9novation<\/option><option value=\"Investissement locatif\/AirBnB\"  class=\"choice-4 depth-1\"  >Investissement locatif\/AirBnB<\/option><option value=\"Agencement\"  class=\"choice-2 depth-1\"  >Agencement<\/option><option value=\"Conseil d\u00e9co\"  class=\"choice-3 depth-1\"  >Conseil d\u00e9co<\/option><\/select><\/div><div id=\"wpforms-2030-field_3-container\" class=\"wpforms-field wpforms-field-textarea\" data-field-id=\"3\"><label class=\"wpforms-field-label\" for=\"wpforms-2030-field_3\">Parlez-moi de votre projet<\/label><textarea id=\"wpforms-2030-field_3\" class=\"wpforms-field-medium\" name=\"wpforms[fields][3]\" aria-errormessage=\"wpforms-2030-field_3-error\" ><\/textarea><\/div><script>\n\t\t\t\t( function() {\n\t\t\t\t\tconst style = document.createElement( 'style' );\n\t\t\t\t\tstyle.appendChild( document.createTextNode( '#wpforms-2030-field_5-container { position: absolute !important; overflow: hidden !important; display: inline !important; height: 1px !important; width: 1px !important; z-index: -1000 !important; padding: 0 !important; } #wpforms-2030-field_5-container input { visibility: hidden; } #wpforms-conversational-form-page #wpforms-2030-field_5-container label { counter-increment: none; }' ) );\n\t\t\t\t\tdocument.head.appendChild( style );\n\t\t\t\t\tdocument.currentScript?.remove();\n\t\t\t\t} )();\n\t\t\t<\/script><\/div><!-- .wpforms-field-container --><div class=\"wpforms-submit-container\" ><input type=\"hidden\" name=\"wpforms[id]\" value=\"2030\"><input type=\"hidden\" name=\"page_title\" value=\"\"><input type=\"hidden\" name=\"page_url\" value=\"https:\/\/mn-homeorganizer.com\/index.php\/wp-json\/wp\/v2\/pages\/14\"><input type=\"hidden\" name=\"url_referer\" value=\"\"><button type=\"submit\" name=\"wpforms[submit]\" id=\"wpforms-submit-2030\" class=\"wpforms-submit\" data-alt-text=\"Envoi...\" data-submit-text=\"Envoyer\" aria-live=\"assertive\" value=\"wpforms-submit\">Envoyer<\/button><img loading=\"lazy\" decoding=\"async\" src=\"https:\/\/mn-homeorganizer.com\/wp-content\/plugins\/wpforms-lite\/assets\/images\/submit-spin.svg\" class=\"wpforms-submit-spinner\" style=\"display: none;\" width=\"26\" height=\"26\" alt=\"Chargement en cours\"><\/div><\/form><\/div>  <!-- .wpforms-container -->\n\n\n<div class=\"wp-block-columns is-layout-flex wp-container-core-columns-is-layout-9d6595d7 wp-block-columns-is-layout-flex\">\n<div class=\"wp-block-column is-layout-flow wp-block-column-is-layout-flow\"><\/div>\n\n\n\n<div class=\"wp-block-column is-layout-flow wp-block-column-is-layout-flow\"><\/div>\n<\/div>\n\n\n\n<div style=\"height:10px\" aria-hidden=\"true\" class=\"wp-block-spacer\"><\/div>\n\n\n\n<div style=\"height:100px\" aria-hidden=\"true\" class=\"wp-block-spacer\"><\/div>\n\n\n\n<p><\/p>\n","protected":false},"excerpt":{"rendered":"<p>Vous \u00eates un particulier et vous avez un projet de&nbsp;r\u00e9novation&nbsp;ou d&rsquo;am\u00e9nagement&nbsp;? Je suis \u00e0 votre \u00e9coute car chaque projet commence par une rencontre pour comprendre vos go\u00fbts, vos besoins et votre mode de vie. En tant que&nbsp;d\u00e9coratrice d&rsquo;int\u00e9rieur \u00e0 Nice, je mets mon expertise \u00e0 votre service pour repenser vos volumes, harmoniser les couleurs et &hellip;<\/p>\n","protected":false},"author":1,"featured_media":0,"parent":0,"menu_order":0,"comment_status":"closed","ping_status":"closed","template":"","meta":{"footnotes":""},"class_list":["post-14","page","type-page","status-publish","hentry"],"mb":[],"yoast_head":"<!-- This site is optimized with the Yoast SEO plugin v27.4 - https:\/\/yoast.com\/product\/yoast-seo-wordpress\/ -->\n<title>D\u00e9coratrice d&#039;int\u00e9rieur \u00e0 Nice - Marylaure N.<\/title>\n<meta name=\"description\" content=\"Discutons de votre besoin. Contactez-moi pour un projet de r\u00e9novation, d&#039;am\u00e9nagement ou un conseil de d\u00e9coration d&#039;int\u00e9rieur.\" \/>\n<meta name=\"robots\" content=\"index, follow, max-snippet:-1, max-image-preview:large, max-video-preview:-1\" \/>\n<link rel=\"canonical\" href=\"https:\/\/mn-homeorganizer.com\/index.php\/decoratrice-dinterieur-a-nice\/\" \/>\n<meta property=\"og:locale\" content=\"fr_FR\" \/>\n<meta property=\"og:type\" content=\"article\" \/>\n<meta property=\"og:title\" content=\"Contactez-moi\" \/>\n<meta property=\"og:description\" content=\"N&#039;h\u00e9sitez pas \u00e0 me contacter afin d&#039;obtenir davantage de renseignements et parler ensemble de votre projet.\" \/>\n<meta property=\"og:url\" content=\"https:\/\/mn-homeorganizer.com\/index.php\/decoratrice-dinterieur-a-nice\/\" \/>\n<meta property=\"og:site_name\" content=\"Marylaure N.\" \/>\n<meta property=\"article:publisher\" content=\"https:\/\/www.facebook.com\/?ref=tn_tnmn\" \/>\n<meta property=\"article:modified_time\" content=\"2026-01-08T15:38:20+00:00\" \/>\n<meta property=\"og:image\" content=\"https:\/\/mn-homeorganizer.com\/wp-content\/uploads\/2022\/02\/4DE7B02B-36DB-40AA-940C-F2B301396760.jpeg\" \/>\n\t<meta property=\"og:image:width\" content=\"750\" \/>\n\t<meta property=\"og:image:height\" content=\"1334\" \/>\n\t<meta property=\"og:image:type\" content=\"image\/jpeg\" \/>\n<meta name=\"twitter:card\" content=\"summary_large_image\" \/>\n<meta name=\"twitter:label1\" content=\"Dur\u00e9e de lecture estim\u00e9e\" \/>\n\t<meta name=\"twitter:data1\" content=\"2 minutes\" \/>\n<script type=\"application\/ld+json\" class=\"yoast-schema-graph\">{\"@context\":\"https:\\\/\\\/schema.org\",\"@graph\":[{\"@type\":[\"WebPage\",\"ContactPage\"],\"@id\":\"https:\\\/\\\/mn-homeorganizer.com\\\/index.php\\\/decoratrice-dinterieur-a-nice\\\/\",\"url\":\"https:\\\/\\\/mn-homeorganizer.com\\\/index.php\\\/decoratrice-dinterieur-a-nice\\\/\",\"name\":\"D\u00e9coratrice d'int\u00e9rieur \u00e0 Nice - Marylaure N.\",\"isPartOf\":{\"@id\":\"https:\\\/\\\/mn-homeorganizer.com\\\/#website\"},\"primaryImageOfPage\":{\"@id\":\"https:\\\/\\\/mn-homeorganizer.com\\\/index.php\\\/decoratrice-dinterieur-a-nice\\\/#primaryimage\"},\"image\":{\"@id\":\"https:\\\/\\\/mn-homeorganizer.com\\\/index.php\\\/decoratrice-dinterieur-a-nice\\\/#primaryimage\"},\"thumbnailUrl\":\"https:\\\/\\\/mn-homeorganizer.com\\\/wp-content\\\/uploads\\\/2026\\\/01\\\/Gemini_Generated_Image_enqr6lenqr6lenqr-747x1024.png\",\"datePublished\":\"2022-01-17T17:00:55+00:00\",\"dateModified\":\"2026-01-08T15:38:20+00:00\",\"description\":\"Discutons de votre besoin. Contactez-moi pour un projet de r\u00e9novation, d'am\u00e9nagement ou un conseil de d\u00e9coration d'int\u00e9rieur.\",\"breadcrumb\":{\"@id\":\"https:\\\/\\\/mn-homeorganizer.com\\\/index.php\\\/decoratrice-dinterieur-a-nice\\\/#breadcrumb\"},\"inLanguage\":\"fr-FR\",\"potentialAction\":[{\"@type\":\"ReadAction\",\"target\":[\"https:\\\/\\\/mn-homeorganizer.com\\\/index.php\\\/decoratrice-dinterieur-a-nice\\\/\"]}]},{\"@type\":\"ImageObject\",\"inLanguage\":\"fr-FR\",\"@id\":\"https:\\\/\\\/mn-homeorganizer.com\\\/index.php\\\/decoratrice-dinterieur-a-nice\\\/#primaryimage\",\"url\":\"https:\\\/\\\/mn-homeorganizer.com\\\/wp-content\\\/uploads\\\/2026\\\/01\\\/Gemini_Generated_Image_enqr6lenqr6lenqr.png\",\"contentUrl\":\"https:\\\/\\\/mn-homeorganizer.com\\\/wp-content\\\/uploads\\\/2026\\\/01\\\/Gemini_Generated_Image_enqr6lenqr6lenqr.png\",\"width\":864,\"height\":1184},{\"@type\":\"BreadcrumbList\",\"@id\":\"https:\\\/\\\/mn-homeorganizer.com\\\/index.php\\\/decoratrice-dinterieur-a-nice\\\/#breadcrumb\",\"itemListElement\":[{\"@type\":\"ListItem\",\"position\":1,\"name\":\"Accueil\",\"item\":\"https:\\\/\\\/mn-homeorganizer.com\\\/\"},{\"@type\":\"ListItem\",\"position\":2,\"name\":\"D\u00e9coratrice d&rsquo;int\u00e9rieur \u00e0 Nice\"}]},{\"@type\":\"WebSite\",\"@id\":\"https:\\\/\\\/mn-homeorganizer.com\\\/#website\",\"url\":\"https:\\\/\\\/mn-homeorganizer.com\\\/\",\"name\":\"Marylaure N.\",\"description\":\"D\u00e9coratrice d&#039;int\u00e9rieur \",\"publisher\":{\"@id\":\"https:\\\/\\\/mn-homeorganizer.com\\\/#organization\"},\"potentialAction\":[{\"@type\":\"SearchAction\",\"target\":{\"@type\":\"EntryPoint\",\"urlTemplate\":\"https:\\\/\\\/mn-homeorganizer.com\\\/?s={search_term_string}\"},\"query-input\":{\"@type\":\"PropertyValueSpecification\",\"valueRequired\":true,\"valueName\":\"search_term_string\"}}],\"inLanguage\":\"fr-FR\"},{\"@type\":\"Organization\",\"@id\":\"https:\\\/\\\/mn-homeorganizer.com\\\/#organization\",\"name\":\"Marylaure N.\",\"url\":\"https:\\\/\\\/mn-homeorganizer.com\\\/\",\"logo\":{\"@type\":\"ImageObject\",\"inLanguage\":\"fr-FR\",\"@id\":\"https:\\\/\\\/mn-homeorganizer.com\\\/#\\\/schema\\\/logo\\\/image\\\/\",\"url\":\"https:\\\/\\\/mn-homeorganizer.com\\\/wp-content\\\/uploads\\\/2024\\\/11\\\/cropped-Marylaure-N.png\",\"contentUrl\":\"https:\\\/\\\/mn-homeorganizer.com\\\/wp-content\\\/uploads\\\/2024\\\/11\\\/cropped-Marylaure-N.png\",\"width\":512,\"height\":512,\"caption\":\"Marylaure N.\"},\"image\":{\"@id\":\"https:\\\/\\\/mn-homeorganizer.com\\\/#\\\/schema\\\/logo\\\/image\\\/\"},\"sameAs\":[\"https:\\\/\\\/www.facebook.com\\\/?ref=tn_tnmn\",\"https:\\\/\\\/www.instagram.com\\\/mn_homeorganizer\\\/\"]}]}<\/script>\n<!-- \/ Yoast SEO plugin. -->","yoast_head_json":{"title":"D\u00e9coratrice d'int\u00e9rieur \u00e0 Nice - Marylaure N.","description":"Discutons de votre besoin. Contactez-moi pour un projet de r\u00e9novation, d'am\u00e9nagement ou un conseil de d\u00e9coration d'int\u00e9rieur.","robots":{"index":"index","follow":"follow","max-snippet":"max-snippet:-1","max-image-preview":"max-image-preview:large","max-video-preview":"max-video-preview:-1"},"canonical":"https:\/\/mn-homeorganizer.com\/index.php\/decoratrice-dinterieur-a-nice\/","og_locale":"fr_FR","og_type":"article","og_title":"Contactez-moi","og_description":"N'h\u00e9sitez pas \u00e0 me contacter afin d'obtenir davantage de renseignements et parler ensemble de votre projet.","og_url":"https:\/\/mn-homeorganizer.com\/index.php\/decoratrice-dinterieur-a-nice\/","og_site_name":"Marylaure N.","article_publisher":"https:\/\/www.facebook.com\/?ref=tn_tnmn","article_modified_time":"2026-01-08T15:38:20+00:00","og_image":[{"width":750,"height":1334,"url":"https:\/\/mn-homeorganizer.com\/wp-content\/uploads\/2022\/02\/4DE7B02B-36DB-40AA-940C-F2B301396760.jpeg","type":"image\/jpeg"}],"twitter_card":"summary_large_image","twitter_misc":{"Dur\u00e9e de lecture estim\u00e9e":"2 minutes"},"schema":{"@context":"https:\/\/schema.org","@graph":[{"@type":["WebPage","ContactPage"],"@id":"https:\/\/mn-homeorganizer.com\/index.php\/decoratrice-dinterieur-a-nice\/","url":"https:\/\/mn-homeorganizer.com\/index.php\/decoratrice-dinterieur-a-nice\/","name":"D\u00e9coratrice d'int\u00e9rieur \u00e0 Nice - Marylaure N.","isPartOf":{"@id":"https:\/\/mn-homeorganizer.com\/#website"},"primaryImageOfPage":{"@id":"https:\/\/mn-homeorganizer.com\/index.php\/decoratrice-dinterieur-a-nice\/#primaryimage"},"image":{"@id":"https:\/\/mn-homeorganizer.com\/index.php\/decoratrice-dinterieur-a-nice\/#primaryimage"},"thumbnailUrl":"https:\/\/mn-homeorganizer.com\/wp-content\/uploads\/2026\/01\/Gemini_Generated_Image_enqr6lenqr6lenqr-747x1024.png","datePublished":"2022-01-17T17:00:55+00:00","dateModified":"2026-01-08T15:38:20+00:00","description":"Discutons de votre besoin. Contactez-moi pour un projet de r\u00e9novation, d'am\u00e9nagement ou un conseil de d\u00e9coration d'int\u00e9rieur.","breadcrumb":{"@id":"https:\/\/mn-homeorganizer.com\/index.php\/decoratrice-dinterieur-a-nice\/#breadcrumb"},"inLanguage":"fr-FR","potentialAction":[{"@type":"ReadAction","target":["https:\/\/mn-homeorganizer.com\/index.php\/decoratrice-dinterieur-a-nice\/"]}]},{"@type":"ImageObject","inLanguage":"fr-FR","@id":"https:\/\/mn-homeorganizer.com\/index.php\/decoratrice-dinterieur-a-nice\/#primaryimage","url":"https:\/\/mn-homeorganizer.com\/wp-content\/uploads\/2026\/01\/Gemini_Generated_Image_enqr6lenqr6lenqr.png","contentUrl":"https:\/\/mn-homeorganizer.com\/wp-content\/uploads\/2026\/01\/Gemini_Generated_Image_enqr6lenqr6lenqr.png","width":864,"height":1184},{"@type":"BreadcrumbList","@id":"https:\/\/mn-homeorganizer.com\/index.php\/decoratrice-dinterieur-a-nice\/#breadcrumb","itemListElement":[{"@type":"ListItem","position":1,"name":"Accueil","item":"https:\/\/mn-homeorganizer.com\/"},{"@type":"ListItem","position":2,"name":"D\u00e9coratrice d&rsquo;int\u00e9rieur \u00e0 Nice"}]},{"@type":"WebSite","@id":"https:\/\/mn-homeorganizer.com\/#website","url":"https:\/\/mn-homeorganizer.com\/","name":"Marylaure N.","description":"D\u00e9coratrice d&#039;int\u00e9rieur ","publisher":{"@id":"https:\/\/mn-homeorganizer.com\/#organization"},"potentialAction":[{"@type":"SearchAction","target":{"@type":"EntryPoint","urlTemplate":"https:\/\/mn-homeorganizer.com\/?s={search_term_string}"},"query-input":{"@type":"PropertyValueSpecification","valueRequired":true,"valueName":"search_term_string"}}],"inLanguage":"fr-FR"},{"@type":"Organization","@id":"https:\/\/mn-homeorganizer.com\/#organization","name":"Marylaure N.","url":"https:\/\/mn-homeorganizer.com\/","logo":{"@type":"ImageObject","inLanguage":"fr-FR","@id":"https:\/\/mn-homeorganizer.com\/#\/schema\/logo\/image\/","url":"https:\/\/mn-homeorganizer.com\/wp-content\/uploads\/2024\/11\/cropped-Marylaure-N.png","contentUrl":"https:\/\/mn-homeorganizer.com\/wp-content\/uploads\/2024\/11\/cropped-Marylaure-N.png","width":512,"height":512,"caption":"Marylaure N."},"image":{"@id":"https:\/\/mn-homeorganizer.com\/#\/schema\/logo\/image\/"},"sameAs":["https:\/\/www.facebook.com\/?ref=tn_tnmn","https:\/\/www.instagram.com\/mn_homeorganizer\/"]}]}},"mfb_rest_fields":["title","yoast_head","yoast_head_json"],"_links":{"self":[{"href":"https:\/\/mn-homeorganizer.com\/index.php\/wp-json\/wp\/v2\/pages\/14","targetHints":{"allow":["GET"]}}],"collection":[{"href":"https:\/\/mn-homeorganizer.com\/index.php\/wp-json\/wp\/v2\/pages"}],"about":[{"href":"https:\/\/mn-homeorganizer.com\/index.php\/wp-json\/wp\/v2\/types\/page"}],"author":[{"embeddable":true,"href":"https:\/\/mn-homeorganizer.com\/index.php\/wp-json\/wp\/v2\/users\/1"}],"replies":[{"embeddable":true,"href":"https:\/\/mn-homeorganizer.com\/index.php\/wp-json\/wp\/v2\/comments?post=14"}],"version-history":[{"count":66,"href":"https:\/\/mn-homeorganizer.com\/index.php\/wp-json\/wp\/v2\/pages\/14\/revisions"}],"predecessor-version":[{"id":2056,"href":"https:\/\/mn-homeorganizer.com\/index.php\/wp-json\/wp\/v2\/pages\/14\/revisions\/2056"}],"wp:attachment":[{"href":"https:\/\/mn-homeorganizer.com\/index.php\/wp-json\/wp\/v2\/media?parent=14"}],"curies":[{"name":"wp","href":"https:\/\/api.w.org\/{rel}","templated":true}]}}