{"id":1947,"date":"2025-11-09T17:54:52","date_gmt":"2025-11-09T16:54:52","guid":{"rendered":"https:\/\/mn-homeorganizer.com\/?page_id=1947"},"modified":"2026-01-08T10:35:19","modified_gmt":"2026-01-08T09:35:19","slug":"airbnb","status":"publish","type":"page","link":"https:\/\/mn-homeorganizer.com\/index.php\/airbnb\/","title":{"rendered":"Prestations AirBnB"},"content":{"rendered":"\n<p class=\"has-medium-font-size\">Offrez \u00e0 vos voyageurs une exp\u00e9rience m\u00e9morable d\u00e8s le premier coup d&rsquo;\u0153il et des avis 5 \u00e9toiles sur les plateformes de location de courte dur\u00e9e. Je vous propose une&nbsp;<strong>d\u00e9coration d\u2019int\u00e9rieur sur mesure pour Airbnb en transformant vos espaces en v\u00e9ritables atouts pour votre activit\u00e9.<\/strong>&nbsp;Dans un march\u00e9 de plus en plus concurrentiel, l&rsquo;esth\u00e9tique n&rsquo;est plus une option, c&rsquo;est un levier strat\u00e9gique.&nbsp;<strong>En effet, un bien stylis\u00e9 permet d&rsquo;augmenter les r\u00e9servations de 80% et les prix \u00e0 la nuit\u00e9e de 15 \u00e0 30%<\/strong>. Plus qu&rsquo;un simple am\u00e9nagement, je cr\u00e9e un univers \u00e9l\u00e9gant et unique. Ces&nbsp;<strong>visuels percutants d\u00e9clenchent la r\u00e9servation imm\u00e9diate sur les plateformes de locations saisonni\u00e8res<\/strong>, garantissant ainsi un taux d&rsquo;occupation optimal et des commentaires \u00e9logieux.<\/p>\n\n\n\n<div style=\"height:20px\" aria-hidden=\"true\" class=\"wp-block-spacer\"><\/div>\n\n\n\n<h2 class=\"wp-block-heading has-text-align-center\" id=\"AirBnB\">Pack AirBnB<\/h2>\n\n\n\n<div class=\"wp-block-columns is-layout-flex wp-container-core-columns-is-layout-9d6595d7 wp-block-columns-is-layout-flex\">\n<div class=\"wp-block-column is-layout-flow wp-block-column-is-layout-flow\">\n<div class=\"wp-block-cover aligncenter is-light\" style=\"min-height:200px;aspect-ratio:unset;\"><img loading=\"lazy\" decoding=\"async\" width=\"847\" height=\"956\" class=\"wp-block-cover__image-background wp-image-1678 size-full\" alt=\"\" src=\"https:\/\/mn-homeorganizer.com\/wp-content\/uploads\/2024\/03\/f95ca038-f574-4811-847c-e2225ebb6404.jpeg\" data-object-fit=\"cover\" srcset=\"https:\/\/mn-homeorganizer.com\/wp-content\/uploads\/2024\/03\/f95ca038-f574-4811-847c-e2225ebb6404.jpeg 847w, https:\/\/mn-homeorganizer.com\/wp-content\/uploads\/2024\/03\/f95ca038-f574-4811-847c-e2225ebb6404-266x300.jpeg 266w, https:\/\/mn-homeorganizer.com\/wp-content\/uploads\/2024\/03\/f95ca038-f574-4811-847c-e2225ebb6404-768x867.jpeg 768w\" sizes=\"auto, (max-width: 847px) 100vw, 847px\" \/><span aria-hidden=\"true\" class=\"wp-block-cover__background has-background-dim\" style=\"background-color:#c7c4b8\"><\/span><div class=\"wp-block-cover__inner-container is-layout-flow wp-block-cover-is-layout-flow\">\n<p class=\"has-text-align-center has-white-color has-text-color has-link-color has-large-font-size wp-elements-cd09cfd65f4cd12a7f8043ea7f77ab9f\"><strong>Offre Express<\/strong><\/p>\n<\/div><\/div>\n\n\n\n<div style=\"height:30px\" aria-hidden=\"true\" class=\"wp-block-spacer\"><\/div>\n\n\n\n<h3 class=\"wp-block-heading\"><strong>Parfait pour commencer<\/strong><\/h3>\n\n\n\n<ul class=\"wp-block-list\">\n<li>Visite conseil <\/li>\n\n\n\n<li>Compte-rendu express avec les actions \u00e0 mettre en \u0153uvre<\/li>\n\n\n\n<li>Shopping liste de produits simples<\/li>\n\n\n\n<li>Conseils pour vos photos Airbnb<\/li>\n<\/ul>\n\n\n\n<h2 class=\"wp-block-heading has-text-align-center has-background\" style=\"background-color:#ebdfc8\">\u00e0 partir de <strong>320 \u20ac<\/strong><\/h2>\n\n\n\n<div style=\"height:50px\" aria-hidden=\"true\" class=\"wp-block-spacer\"><\/div>\n<\/div>\n\n\n\n<div class=\"wp-block-column is-layout-flow wp-block-column-is-layout-flow\">\n<div class=\"wp-block-cover aligncenter is-light\" style=\"min-height:200px;aspect-ratio:unset;\"><img loading=\"lazy\" decoding=\"async\" width=\"1024\" height=\"1024\" class=\"wp-block-cover__image-background wp-image-1351 size-large\" alt=\"\" src=\"https:\/\/mn-homeorganizer.com\/wp-content\/uploads\/2023\/03\/Beau_Gosse_Scandinavian_living_room_beige_warm_materials_plants_58cd5a7c-5f67-43a1-ab57-137790285fe6-1-1024x1024.png\" data-object-fit=\"cover\" srcset=\"https:\/\/mn-homeorganizer.com\/wp-content\/uploads\/2023\/03\/Beau_Gosse_Scandinavian_living_room_beige_warm_materials_plants_58cd5a7c-5f67-43a1-ab57-137790285fe6-1.png 1024w, https:\/\/mn-homeorganizer.com\/wp-content\/uploads\/2023\/03\/Beau_Gosse_Scandinavian_living_room_beige_warm_materials_plants_58cd5a7c-5f67-43a1-ab57-137790285fe6-1-300x300.png 300w, https:\/\/mn-homeorganizer.com\/wp-content\/uploads\/2023\/03\/Beau_Gosse_Scandinavian_living_room_beige_warm_materials_plants_58cd5a7c-5f67-43a1-ab57-137790285fe6-1-150x150.png 150w, https:\/\/mn-homeorganizer.com\/wp-content\/uploads\/2023\/03\/Beau_Gosse_Scandinavian_living_room_beige_warm_materials_plants_58cd5a7c-5f67-43a1-ab57-137790285fe6-1-768x768.png 768w\" sizes=\"auto, (max-width: 1024px) 100vw, 1024px\" \/><span aria-hidden=\"true\" class=\"wp-block-cover__background has-background-dim\" style=\"background-color:#afa699\"><\/span><div class=\"wp-block-cover__inner-container is-layout-flow wp-block-cover-is-layout-flow\">\n<p class=\"has-text-align-center has-white-color has-text-color has-link-color has-large-font-size wp-elements-9bb897c72a330b1bd58debbe6177e0d0\"><strong>Offre Essentielle<\/strong><\/p>\n<\/div><\/div>\n\n\n\n<div style=\"height:30px\" aria-hidden=\"true\" class=\"wp-block-spacer\"><\/div>\n\n\n\n<h3 class=\"wp-block-heading\"><strong>Pour aller plus loin<\/strong><\/h3>\n\n\n\n<ul class=\"wp-block-list\">\n<li>Audit de l\u2019espace actuel <\/li>\n\n\n\n<li>Cr\u00e9ation du concept d\u00e9coratif (planche d&rsquo;ambiance, choix des couleurs)<\/li>\n\n\n\n<li>S\u00e9lection du mobilier et des accessoires<\/li>\n\n\n\n<li>Coordination des achats\/livraisons<\/li>\n\n\n\n<li>Montage et mise en place de la d\u00e9coration <\/li>\n<\/ul>\n\n\n\n<h2 class=\"wp-block-heading has-text-align-center has-background\" style=\"background-color:#ebdfc8\">\u00e0 partir de <strong>850 \u20ac<\/strong><\/h2>\n\n\n\n<div style=\"height:50px\" aria-hidden=\"true\" class=\"wp-block-spacer\"><\/div>\n<\/div>\n\n\n\n<div class=\"wp-block-column is-layout-flow wp-block-column-is-layout-flow\">\n<div class=\"wp-block-cover aligncenter is-light\" style=\"min-height:200px;aspect-ratio:unset;\"><img loading=\"lazy\" decoding=\"async\" width=\"960\" height=\"960\" class=\"wp-block-cover__image-background wp-image-1969 size-full\" alt=\"\" src=\"https:\/\/mn-homeorganizer.com\/wp-content\/uploads\/2025\/11\/IMG_6312-1.jpeg\" data-object-fit=\"cover\" srcset=\"https:\/\/mn-homeorganizer.com\/wp-content\/uploads\/2025\/11\/IMG_6312-1.jpeg 960w, https:\/\/mn-homeorganizer.com\/wp-content\/uploads\/2025\/11\/IMG_6312-1-300x300.jpeg 300w, https:\/\/mn-homeorganizer.com\/wp-content\/uploads\/2025\/11\/IMG_6312-1-150x150.jpeg 150w, https:\/\/mn-homeorganizer.com\/wp-content\/uploads\/2025\/11\/IMG_6312-1-768x768.jpeg 768w\" sizes=\"auto, (max-width: 960px) 100vw, 960px\" \/><span aria-hidden=\"true\" class=\"wp-block-cover__background has-background-dim\" style=\"background-color:#b2a59e\"><\/span><div class=\"wp-block-cover__inner-container is-layout-flow wp-block-cover-is-layout-flow\">\n<p class=\"has-text-align-center has-white-color has-text-color has-link-color has-large-font-size wp-elements-7232fc4d1a3b05f3dfe5da71bd8f5a29\"><strong>Offre Premium<\/strong><\/p>\n<\/div><\/div>\n\n\n\n<div style=\"height:30px\" aria-hidden=\"true\" class=\"wp-block-spacer\"><\/div>\n\n\n\n<h3 class=\"wp-block-heading\"><strong>Pour une r\u00e9novation compl\u00e8te<\/strong><\/h3>\n\n\n\n<ul class=\"wp-block-list\">\n<li>Refonte compl\u00e8te de l\u2019agencement (2 plans 2D avant\/apr\u00e8s)<\/li>\n\n\n\n<li>2 propositions de styles d\u00e9co et choix des couleurs<\/li>\n\n\n\n<li>S\u00e9lection des mat\u00e9riaux, du mobilier et des accessoires d\u00e9co (peinture, sol, papier-peint, tissus&#8230;)<\/li>\n\n\n\n<li>Suivi du chantier<\/li>\n\n\n\n<li>Coordination des achats<\/li>\n\n\n\n<li>Mise en place du mobilier et de la d\u00e9coration<\/li>\n\n\n\n<li>Mise en sc\u00e8ne \u00e9ph\u00e9m\u00e8re pour shooting photo<\/li>\n<\/ul>\n\n\n\n<h2 class=\"wp-block-heading has-text-align-center has-background\" style=\"background-color:#ebdfc8\">\u00e0 partir de <strong>1450 \u20ac<\/strong><\/h2>\n<\/div>\n<\/div>\n\n\n\n<div style=\"height:50px\" aria-hidden=\"true\" class=\"wp-block-spacer\"><\/div>\n\n\n\n<div class=\"wp-block-columns is-layout-flex wp-container-core-columns-is-layout-9d6595d7 wp-block-columns-is-layout-flex\">\n<div class=\"wp-block-column is-layout-flow wp-block-column-is-layout-flow\">\n<h2 class=\"wp-block-heading\">Option Mise en sc\u00e8ne : <\/h2>\n\n\n\n<p><em>Le d\u00e9tail qui fait la diff\u00e9rence entre un clic et une r\u00e9servation.<\/em><\/p>\n<\/div>\n<\/div>\n\n\n\n<div class=\"wp-block-columns is-layout-flex wp-container-core-columns-is-layout-9d6595d7 wp-block-columns-is-layout-flex\">\n<div class=\"wp-block-column has-background is-layout-flow wp-block-column-is-layout-flow\" style=\"background-color:#ebdfc8\">\n<p><strong>Prestation :<\/strong>&nbsp;Mise en sc\u00e8ne \u00e9ph\u00e9m\u00e8re le jour des photos professionnelles avec pr\u00eat d\u2019accessoires haut de gamme pour des visuels \u00ab\u00a0Lifestyle\u00a0\u00bb<\/p>\n\n\n\n<p><strong>Tarif :<\/strong>&nbsp;de <strong>150 \u20ac \u00e0 300 \u20ac<\/strong>&nbsp;la demi-journ\u00e9e.<\/p>\n<\/div>\n<\/div>\n\n\n\n<div class=\"wp-block-columns is-layout-flex wp-container-core-columns-is-layout-9d6595d7 wp-block-columns-is-layout-flex\">\n<div class=\"wp-block-column is-layout-flow wp-block-column-is-layout-flow\">\n<figure class=\"wp-block-image\"><img loading=\"lazy\" decoding=\"async\" width=\"768\" height=\"768\" src=\"https:\/\/mn-homeorganizer.com\/wp-content\/uploads\/2026\/01\/IMG_6780.jpeg\" alt=\"mise en sc\u00e8ne AirBnB\" class=\"wp-image-2018\" srcset=\"https:\/\/mn-homeorganizer.com\/wp-content\/uploads\/2026\/01\/IMG_6780.jpeg 768w, https:\/\/mn-homeorganizer.com\/wp-content\/uploads\/2026\/01\/IMG_6780-300x300.jpeg 300w, https:\/\/mn-homeorganizer.com\/wp-content\/uploads\/2026\/01\/IMG_6780-150x150.jpeg 150w\" sizes=\"auto, (max-width: 768px) 100vw, 768px\" \/><\/figure>\n<\/div>\n\n\n\n<div class=\"wp-block-column is-vertically-aligned-center is-layout-flow wp-block-column-is-layout-flow\">\n<figure class=\"wp-block-image size-full\"><img loading=\"lazy\" decoding=\"async\" width=\"945\" height=\"945\" src=\"https:\/\/mn-homeorganizer.com\/wp-content\/uploads\/2026\/01\/IMG_6779.jpeg\" alt=\"am\u00e9nagement Airbnb\" class=\"wp-image-2017\" srcset=\"https:\/\/mn-homeorganizer.com\/wp-content\/uploads\/2026\/01\/IMG_6779.jpeg 945w, https:\/\/mn-homeorganizer.com\/wp-content\/uploads\/2026\/01\/IMG_6779-300x300.jpeg 300w, https:\/\/mn-homeorganizer.com\/wp-content\/uploads\/2026\/01\/IMG_6779-150x150.jpeg 150w, https:\/\/mn-homeorganizer.com\/wp-content\/uploads\/2026\/01\/IMG_6779-768x768.jpeg 768w\" sizes=\"auto, (max-width: 945px) 100vw, 945px\" \/><\/figure>\n<\/div>\n<\/div>\n\n\n\n<div style=\"height:50px\" aria-hidden=\"true\" class=\"wp-block-spacer\"><\/div>\n\n\n\n<div class=\"wp-block-buttons is-content-justification-center is-layout-flex wp-container-core-buttons-is-layout-16018d1d wp-block-buttons-is-layout-flex\">\n<div class=\"wp-block-button\"><a class=\"wp-block-button__link has-text-align-center wp-element-button\" href=\"https:\/\/mn-homeorganizer.com\/index.php\/decoratrice-dinterieur-a-nice\/\">Prendre rendez-vous<\/a><\/div>\n<\/div>\n\n\n\n<p><\/p>\n","protected":false},"excerpt":{"rendered":"<p>Offrez \u00e0 vos voyageurs une exp\u00e9rience m\u00e9morable d\u00e8s le premier coup d&rsquo;\u0153il et des avis 5 \u00e9toiles sur les plateformes de location de courte dur\u00e9e. Je vous propose une&nbsp;d\u00e9coration d\u2019int\u00e9rieur sur mesure pour Airbnb en transformant vos espaces en v\u00e9ritables atouts pour votre activit\u00e9.&nbsp;Dans un march\u00e9 de plus en plus concurrentiel, l&rsquo;esth\u00e9tique n&rsquo;est plus une &hellip;<\/p>\n","protected":false},"author":1,"featured_media":0,"parent":0,"menu_order":0,"comment_status":"closed","ping_status":"closed","template":"","meta":{"footnotes":""},"class_list":["post-1947","page","type-page","status-publish","hentry"],"mb":[],"yoast_head":"<!-- This site is optimized with the Yoast SEO plugin v27.4 - https:\/\/yoast.com\/product\/yoast-seo-wordpress\/ -->\n<title>Prestations AirBnB - Marylaure N.<\/title>\n<meta name=\"description\" content=\"Sublimez votre AirBnB sur la C\u00f4te d&#039;Azur. D\u00e9coration et am\u00e9nagement complet pour un AirBnB pr\u00eat \u00e0 louer et des avis 5 \u00e9toiles garantis.\" \/>\n<meta name=\"robots\" content=\"index, follow, max-snippet:-1, max-image-preview:large, max-video-preview:-1\" \/>\n<link rel=\"canonical\" href=\"https:\/\/mn-homeorganizer.com\/index.php\/airbnb\/\" \/>\n<meta property=\"og:locale\" content=\"fr_FR\" \/>\n<meta property=\"og:type\" content=\"article\" \/>\n<meta property=\"og:title\" content=\"Prestations AirBnB - Marylaure N.\" \/>\n<meta property=\"og:description\" content=\"Sublimez votre AirBnB sur la C\u00f4te d&#039;Azur. D\u00e9coration et am\u00e9nagement complet pour un AirBnB pr\u00eat \u00e0 louer et des avis 5 \u00e9toiles garantis.\" \/>\n<meta property=\"og:url\" content=\"https:\/\/mn-homeorganizer.com\/index.php\/airbnb\/\" \/>\n<meta property=\"og:site_name\" content=\"Marylaure N.\" \/>\n<meta property=\"article:publisher\" content=\"https:\/\/www.facebook.com\/?ref=tn_tnmn\" \/>\n<meta property=\"article:modified_time\" content=\"2026-01-08T09:35:19+00:00\" \/>\n<meta property=\"og:image\" content=\"https:\/\/mn-homeorganizer.com\/wp-content\/uploads\/2024\/03\/f95ca038-f574-4811-847c-e2225ebb6404.jpeg\" \/>\n\t<meta property=\"og:image:width\" content=\"847\" \/>\n\t<meta property=\"og:image:height\" content=\"956\" \/>\n\t<meta property=\"og:image:type\" content=\"image\/jpeg\" \/>\n<meta name=\"twitter:card\" content=\"summary_large_image\" \/>\n<meta name=\"twitter:label1\" content=\"Dur\u00e9e de lecture estim\u00e9e\" \/>\n\t<meta name=\"twitter:data1\" content=\"3 minutes\" \/>\n<script type=\"application\/ld+json\" class=\"yoast-schema-graph\">{\"@context\":\"https:\\\/\\\/schema.org\",\"@graph\":[{\"@type\":\"WebPage\",\"@id\":\"https:\\\/\\\/mn-homeorganizer.com\\\/index.php\\\/airbnb\\\/\",\"url\":\"https:\\\/\\\/mn-homeorganizer.com\\\/index.php\\\/airbnb\\\/\",\"name\":\"Prestations AirBnB - Marylaure N.\",\"isPartOf\":{\"@id\":\"https:\\\/\\\/mn-homeorganizer.com\\\/#website\"},\"primaryImageOfPage\":{\"@id\":\"https:\\\/\\\/mn-homeorganizer.com\\\/index.php\\\/airbnb\\\/#primaryimage\"},\"image\":{\"@id\":\"https:\\\/\\\/mn-homeorganizer.com\\\/index.php\\\/airbnb\\\/#primaryimage\"},\"thumbnailUrl\":\"https:\\\/\\\/mn-homeorganizer.com\\\/wp-content\\\/uploads\\\/2024\\\/03\\\/f95ca038-f574-4811-847c-e2225ebb6404.jpeg\",\"datePublished\":\"2025-11-09T16:54:52+00:00\",\"dateModified\":\"2026-01-08T09:35:19+00:00\",\"description\":\"Sublimez votre AirBnB sur la C\u00f4te d'Azur. D\u00e9coration et am\u00e9nagement complet pour un AirBnB pr\u00eat \u00e0 louer et des avis 5 \u00e9toiles garantis.\",\"breadcrumb\":{\"@id\":\"https:\\\/\\\/mn-homeorganizer.com\\\/index.php\\\/airbnb\\\/#breadcrumb\"},\"inLanguage\":\"fr-FR\",\"potentialAction\":[{\"@type\":\"ReadAction\",\"target\":[\"https:\\\/\\\/mn-homeorganizer.com\\\/index.php\\\/airbnb\\\/\"]}]},{\"@type\":\"ImageObject\",\"inLanguage\":\"fr-FR\",\"@id\":\"https:\\\/\\\/mn-homeorganizer.com\\\/index.php\\\/airbnb\\\/#primaryimage\",\"url\":\"https:\\\/\\\/mn-homeorganizer.com\\\/wp-content\\\/uploads\\\/2024\\\/03\\\/f95ca038-f574-4811-847c-e2225ebb6404.jpeg\",\"contentUrl\":\"https:\\\/\\\/mn-homeorganizer.com\\\/wp-content\\\/uploads\\\/2024\\\/03\\\/f95ca038-f574-4811-847c-e2225ebb6404.jpeg\",\"width\":847,\"height\":956},{\"@type\":\"BreadcrumbList\",\"@id\":\"https:\\\/\\\/mn-homeorganizer.com\\\/index.php\\\/airbnb\\\/#breadcrumb\",\"itemListElement\":[{\"@type\":\"ListItem\",\"position\":1,\"name\":\"Accueil\",\"item\":\"https:\\\/\\\/mn-homeorganizer.com\\\/\"},{\"@type\":\"ListItem\",\"position\":2,\"name\":\"Prestations AirBnB\"}]},{\"@type\":\"WebSite\",\"@id\":\"https:\\\/\\\/mn-homeorganizer.com\\\/#website\",\"url\":\"https:\\\/\\\/mn-homeorganizer.com\\\/\",\"name\":\"Marylaure N.\",\"description\":\"D\u00e9coratrice d&#039;int\u00e9rieur \",\"publisher\":{\"@id\":\"https:\\\/\\\/mn-homeorganizer.com\\\/#organization\"},\"potentialAction\":[{\"@type\":\"SearchAction\",\"target\":{\"@type\":\"EntryPoint\",\"urlTemplate\":\"https:\\\/\\\/mn-homeorganizer.com\\\/?s={search_term_string}\"},\"query-input\":{\"@type\":\"PropertyValueSpecification\",\"valueRequired\":true,\"valueName\":\"search_term_string\"}}],\"inLanguage\":\"fr-FR\"},{\"@type\":\"Organization\",\"@id\":\"https:\\\/\\\/mn-homeorganizer.com\\\/#organization\",\"name\":\"Marylaure N.\",\"url\":\"https:\\\/\\\/mn-homeorganizer.com\\\/\",\"logo\":{\"@type\":\"ImageObject\",\"inLanguage\":\"fr-FR\",\"@id\":\"https:\\\/\\\/mn-homeorganizer.com\\\/#\\\/schema\\\/logo\\\/image\\\/\",\"url\":\"https:\\\/\\\/mn-homeorganizer.com\\\/wp-content\\\/uploads\\\/2024\\\/11\\\/cropped-Marylaure-N.png\",\"contentUrl\":\"https:\\\/\\\/mn-homeorganizer.com\\\/wp-content\\\/uploads\\\/2024\\\/11\\\/cropped-Marylaure-N.png\",\"width\":512,\"height\":512,\"caption\":\"Marylaure N.\"},\"image\":{\"@id\":\"https:\\\/\\\/mn-homeorganizer.com\\\/#\\\/schema\\\/logo\\\/image\\\/\"},\"sameAs\":[\"https:\\\/\\\/www.facebook.com\\\/?ref=tn_tnmn\",\"https:\\\/\\\/www.instagram.com\\\/mn_homeorganizer\\\/\"]}]}<\/script>\n<!-- \/ Yoast SEO plugin. -->","yoast_head_json":{"title":"Prestations AirBnB - Marylaure N.","description":"Sublimez votre AirBnB sur la C\u00f4te d'Azur. D\u00e9coration et am\u00e9nagement complet pour un AirBnB pr\u00eat \u00e0 louer et des avis 5 \u00e9toiles garantis.","robots":{"index":"index","follow":"follow","max-snippet":"max-snippet:-1","max-image-preview":"max-image-preview:large","max-video-preview":"max-video-preview:-1"},"canonical":"https:\/\/mn-homeorganizer.com\/index.php\/airbnb\/","og_locale":"fr_FR","og_type":"article","og_title":"Prestations AirBnB - Marylaure N.","og_description":"Sublimez votre AirBnB sur la C\u00f4te d'Azur. D\u00e9coration et am\u00e9nagement complet pour un AirBnB pr\u00eat \u00e0 louer et des avis 5 \u00e9toiles garantis.","og_url":"https:\/\/mn-homeorganizer.com\/index.php\/airbnb\/","og_site_name":"Marylaure N.","article_publisher":"https:\/\/www.facebook.com\/?ref=tn_tnmn","article_modified_time":"2026-01-08T09:35:19+00:00","og_image":[{"width":847,"height":956,"url":"https:\/\/mn-homeorganizer.com\/wp-content\/uploads\/2024\/03\/f95ca038-f574-4811-847c-e2225ebb6404.jpeg","type":"image\/jpeg"}],"twitter_card":"summary_large_image","twitter_misc":{"Dur\u00e9e de lecture estim\u00e9e":"3 minutes"},"schema":{"@context":"https:\/\/schema.org","@graph":[{"@type":"WebPage","@id":"https:\/\/mn-homeorganizer.com\/index.php\/airbnb\/","url":"https:\/\/mn-homeorganizer.com\/index.php\/airbnb\/","name":"Prestations AirBnB - Marylaure N.","isPartOf":{"@id":"https:\/\/mn-homeorganizer.com\/#website"},"primaryImageOfPage":{"@id":"https:\/\/mn-homeorganizer.com\/index.php\/airbnb\/#primaryimage"},"image":{"@id":"https:\/\/mn-homeorganizer.com\/index.php\/airbnb\/#primaryimage"},"thumbnailUrl":"https:\/\/mn-homeorganizer.com\/wp-content\/uploads\/2024\/03\/f95ca038-f574-4811-847c-e2225ebb6404.jpeg","datePublished":"2025-11-09T16:54:52+00:00","dateModified":"2026-01-08T09:35:19+00:00","description":"Sublimez votre AirBnB sur la C\u00f4te d'Azur. D\u00e9coration et am\u00e9nagement complet pour un AirBnB pr\u00eat \u00e0 louer et des avis 5 \u00e9toiles garantis.","breadcrumb":{"@id":"https:\/\/mn-homeorganizer.com\/index.php\/airbnb\/#breadcrumb"},"inLanguage":"fr-FR","potentialAction":[{"@type":"ReadAction","target":["https:\/\/mn-homeorganizer.com\/index.php\/airbnb\/"]}]},{"@type":"ImageObject","inLanguage":"fr-FR","@id":"https:\/\/mn-homeorganizer.com\/index.php\/airbnb\/#primaryimage","url":"https:\/\/mn-homeorganizer.com\/wp-content\/uploads\/2024\/03\/f95ca038-f574-4811-847c-e2225ebb6404.jpeg","contentUrl":"https:\/\/mn-homeorganizer.com\/wp-content\/uploads\/2024\/03\/f95ca038-f574-4811-847c-e2225ebb6404.jpeg","width":847,"height":956},{"@type":"BreadcrumbList","@id":"https:\/\/mn-homeorganizer.com\/index.php\/airbnb\/#breadcrumb","itemListElement":[{"@type":"ListItem","position":1,"name":"Accueil","item":"https:\/\/mn-homeorganizer.com\/"},{"@type":"ListItem","position":2,"name":"Prestations AirBnB"}]},{"@type":"WebSite","@id":"https:\/\/mn-homeorganizer.com\/#website","url":"https:\/\/mn-homeorganizer.com\/","name":"Marylaure N.","description":"D\u00e9coratrice d&#039;int\u00e9rieur ","publisher":{"@id":"https:\/\/mn-homeorganizer.com\/#organization"},"potentialAction":[{"@type":"SearchAction","target":{"@type":"EntryPoint","urlTemplate":"https:\/\/mn-homeorganizer.com\/?s={search_term_string}"},"query-input":{"@type":"PropertyValueSpecification","valueRequired":true,"valueName":"search_term_string"}}],"inLanguage":"fr-FR"},{"@type":"Organization","@id":"https:\/\/mn-homeorganizer.com\/#organization","name":"Marylaure N.","url":"https:\/\/mn-homeorganizer.com\/","logo":{"@type":"ImageObject","inLanguage":"fr-FR","@id":"https:\/\/mn-homeorganizer.com\/#\/schema\/logo\/image\/","url":"https:\/\/mn-homeorganizer.com\/wp-content\/uploads\/2024\/11\/cropped-Marylaure-N.png","contentUrl":"https:\/\/mn-homeorganizer.com\/wp-content\/uploads\/2024\/11\/cropped-Marylaure-N.png","width":512,"height":512,"caption":"Marylaure N."},"image":{"@id":"https:\/\/mn-homeorganizer.com\/#\/schema\/logo\/image\/"},"sameAs":["https:\/\/www.facebook.com\/?ref=tn_tnmn","https:\/\/www.instagram.com\/mn_homeorganizer\/"]}]}},"mfb_rest_fields":["title","yoast_head","yoast_head_json"],"_links":{"self":[{"href":"https:\/\/mn-homeorganizer.com\/index.php\/wp-json\/wp\/v2\/pages\/1947","targetHints":{"allow":["GET"]}}],"collection":[{"href":"https:\/\/mn-homeorganizer.com\/index.php\/wp-json\/wp\/v2\/pages"}],"about":[{"href":"https:\/\/mn-homeorganizer.com\/index.php\/wp-json\/wp\/v2\/types\/page"}],"author":[{"embeddable":true,"href":"https:\/\/mn-homeorganizer.com\/index.php\/wp-json\/wp\/v2\/users\/1"}],"replies":[{"embeddable":true,"href":"https:\/\/mn-homeorganizer.com\/index.php\/wp-json\/wp\/v2\/comments?post=1947"}],"version-history":[{"count":12,"href":"https:\/\/mn-homeorganizer.com\/index.php\/wp-json\/wp\/v2\/pages\/1947\/revisions"}],"predecessor-version":[{"id":2051,"href":"https:\/\/mn-homeorganizer.com\/index.php\/wp-json\/wp\/v2\/pages\/1947\/revisions\/2051"}],"wp:attachment":[{"href":"https:\/\/mn-homeorganizer.com\/index.php\/wp-json\/wp\/v2\/media?parent=1947"}],"curies":[{"name":"wp","href":"https:\/\/api.w.org\/{rel}","templated":true}]}}